{"id":28,"date":"2025-02-06T16:09:43","date_gmt":"2025-02-06T16:09:43","guid":{"rendered":"https:\/\/clarusab.ee\/?page_id=28"},"modified":"2025-11-24T20:05:54","modified_gmt":"2025-11-24T20:05:54","slug":"contact-us","status":"publish","type":"page","link":"https:\/\/clarusab.ee\/en\/contact-us\/","title":{"rendered":"Contacts"},"content":{"rendered":"<section class=\"l-section wpb_row height_medium\"><div class=\"l-section-h i-cf\"><div class=\"g-cols vc_row via_grid cols_1 laptops-cols_inherit tablets-cols_inherit mobiles-cols_1 valign_top type_default stacking_default\"><div class=\"wpb_column vc_column_container\"><div class=\"vc_column-inner\"><h1 class=\"w-text\"><span class=\"w-text-h\"><span class=\"w-text-value\">Get in touch<\/span><\/span><\/h1><div class=\"g-cols wpb_row via_grid cols_2 laptops-cols_inherit tablets-cols_inherit mobiles-cols_1 valign_top type_default stacking_default\" style=\"--columns-gap:3rem;\"><div class=\"wpb_column vc_column_container\"><div class=\"vc_column-inner\"><div class=\"wpb_text_column\"><div class=\"wpb_wrapper\"><p>Our team of experts are ready to hear from you<\/p>\n<\/div><\/div><\/div><\/div><div class=\"wpb_column vc_column_container\"><div class=\"vc_column-inner\"><\/div><\/div><\/div><div class=\"w-separator size_large with_line width_default thick_1 style_solid color_border align_center\"><div class=\"w-separator-h\"><\/div><\/div><div class=\"g-cols wpb_row via_grid cols_4 laptops-cols_inherit tablets-cols_inherit mobiles-cols_1 valign_top type_default stacking_default\" style=\"--columns-gap:3rem;\"><div class=\"wpb_column vc_column_container\"><div class=\"vc_column-inner\"><div class=\"w-iconbox us_custom_6df4bc3a has_text_color iconpos_top style_default color_primary align_left no_text\"><div class=\"w-iconbox-icon\" style=\"font-size:2rem;\"><i class=\"fad fa-home\"><\/i><\/div><div class=\"w-iconbox-meta\"><h6 class=\"w-iconbox-title\">Address<\/h6><\/div><\/div><div class=\"w-separator size_custom\" style=\"height:16px\"><\/div><div class=\"wpb_text_column us_custom_097a9600 has_text_color\"><div class=\"wpb_wrapper\"><p>Estonia<br \/>\n<a href=\"https:\/\/maps.app.goo.gl\/rCF7QqfGBge2HCdg6\"><span>Tartu mnt 50, <\/span><span>10115 Tallinn<\/span><\/a><\/p>\n<p>Lithuania<br \/>\n<a href=\"https:\/\/maps.app.goo.gl\/Q6FEpjqvnk6W8ULm8\">A.Tum\u0117no g. 4-32, 4 auk\u0161tas (Vakar\u0173 \u012f\u0117jimas) LT-01109, Vilnius<\/a><\/p>\n<\/div><\/div><\/div><\/div><div class=\"wpb_column vc_column_container\"><div class=\"vc_column-inner\"><div class=\"w-iconbox us_custom_6df4bc3a has_text_color iconpos_top style_default color_primary align_left no_text\"><div class=\"w-iconbox-icon\" style=\"font-size:2rem;\"><i class=\"fad fa-clock\"><\/i><\/div><div class=\"w-iconbox-meta\"><h6 class=\"w-iconbox-title\">Business Hours<\/h6><\/div><\/div><div class=\"w-separator size_custom\" style=\"height:16px\"><\/div><div class=\"wpb_text_column us_custom_097a9600 has_text_color\"><div class=\"wpb_wrapper\"><p>Monday-Friday: 10am \u2013 4pm<br \/>\nSaturday, Sunday: closed<\/p>\n<\/div><\/div><\/div><\/div><div class=\"wpb_column vc_column_container\"><div class=\"vc_column-inner\"><div class=\"w-iconbox us_custom_6df4bc3a has_text_color iconpos_top style_default color_primary align_left no_text\"><div class=\"w-iconbox-icon\" style=\"font-size:2rem;\"><i class=\"fad fa-phone\"><\/i><\/div><div class=\"w-iconbox-meta\"><h6 class=\"w-iconbox-title\">Phone<\/h6><\/div><\/div><div class=\"w-separator size_custom\" style=\"height:16px\"><\/div><div class=\"wpb_text_column us_custom_097a9600 has_text_color\"><div class=\"wpb_wrapper\"><p><span>Estonia<br \/>\n<a href=\"tel:+372 7 707 707\">+372 7 707 707<\/a><\/span><br \/>\n<span><br \/>\nLithuania<br \/>\n<a href=\"tel:+370 5 21 627 35\">+370 5 21 627 35<\/a><\/span><\/p>\n<\/div><\/div><\/div><\/div><div class=\"wpb_column vc_column_container\"><div class=\"vc_column-inner\"><div class=\"w-iconbox us_custom_6df4bc3a has_text_color iconpos_top style_default color_primary align_left no_text\"><div class=\"w-iconbox-icon\" style=\"font-size:2rem;\"><i class=\"fad fa-at\"><\/i><\/div><div class=\"w-iconbox-meta\"><h6 class=\"w-iconbox-title\">Email<\/h6><\/div><\/div><div class=\"w-separator size_custom\" style=\"height:16px\"><\/div><div class=\"wpb_text_column us_custom_097a9600 has_text_color\"><div class=\"wpb_wrapper\"><p><span>Estonia<br \/>\n<a href=\"mailto:info@clarusab.ee\">info@clarusab.ee<\/a><\/span><br \/>\n<span><br \/>\nLithuania<br \/>\n<a href=\"mailto:info@clarus.lt\">info@clarus.lt<\/a><\/span><\/p>\n<\/div><\/div><\/div><\/div><\/div><div class=\"w-separator size_large with_line width_default thick_1 style_solid color_border align_center\"><div class=\"w-separator-h\"><\/div><\/div><div class=\"g-cols wpb_row us_custom_cccbe74a us_animate_this via_grid cols_2 laptops-cols_inherit tablets-cols_inherit mobiles-cols_1 valign_top type_default stacking_default\" style=\"--columns-gap:4rem;\"><div class=\"wpb_column vc_column_container\"><div class=\"vc_column-inner\"><h4 class=\"w-text\"><span class=\"w-text-h\"><span class=\"w-text-value\">Let&#8217;s get started<\/span><\/span><\/h4><div class=\"wpb_text_column\"><div class=\"wpb_wrapper\"><p>We\u2019re here to help answer your questions. Judicial matters can be complicated, our experts are on hand to help inform you of every aspect regarding your topic.<\/p>\n<p>We take great pride in using our expertise for you and we are looking forward to hear from you.<\/p>\n<p>We speak Estonian, Russian &amp; English.<\/p>\n<\/div><\/div><div class=\"w-separator size_custom\" style=\"height:40px\"><\/div><div class=\"w-hwrapper valign_top align_none\"><div class=\"w-image align_none\"><div class=\"w-image-h\"><img decoding=\"async\" width=\"150\" height=\"150\" src=\"https:\/\/clarusab.ee\/wp-content\/uploads\/2025\/11\/CreditInfo_mark_ENG_1.svg\" class=\"attachment-thumbnail size-thumbnail\" alt=\"\" loading=\"lazy\" \/><\/div><\/div><div class=\"w-image us_custom_b73d7d07 has_height align_none\"><div class=\"w-image-h\"><img decoding=\"async\" width=\"775\" height=\"684\" src=\"https:\/\/clarusab.ee\/wp-content\/uploads\/2025\/11\/ADVOKAADIBUROO_CLARUS_OU_11221454_Usaldusvaarne_ettevote_2025_Margis_EN.png\" class=\"attachment-full size-full\" alt=\"\" loading=\"lazy\" srcset=\"https:\/\/clarusab.ee\/wp-content\/uploads\/2025\/11\/ADVOKAADIBUROO_CLARUS_OU_11221454_Usaldusvaarne_ettevote_2025_Margis_EN.png 775w, https:\/\/clarusab.ee\/wp-content\/uploads\/2025\/11\/ADVOKAADIBUROO_CLARUS_OU_11221454_Usaldusvaarne_ettevote_2025_Margis_EN-300x265.png 300w\" sizes=\"auto, (max-width: 775px) 100vw, 775px\" \/><\/div><\/div><\/div><\/div><\/div><div class=\"wpb_column vc_column_container\"><div class=\"vc_column-inner\">\n<div class=\"wpcf7 no-js\" id=\"wpcf7-f1292-o1\" lang=\"en-US\" dir=\"ltr\" data-wpcf7-id=\"1292\">\n<div class=\"screen-reader-response\"><p role=\"status\" aria-live=\"polite\" aria-atomic=\"true\"><\/p> <ul><\/ul><\/div>\n<form action=\"\/en\/wp-json\/wp\/v2\/pages\/28#wpcf7-f1292-o1\" method=\"post\" class=\"wpcf7-form init\" aria-label=\"Contact form\" novalidate=\"novalidate\" data-status=\"init\">\n<div style=\"display: none;\">\n<input type=\"hidden\" name=\"_wpcf7\" value=\"1292\" \/>\n<input type=\"hidden\" name=\"_wpcf7_version\" value=\"6.0.4\" \/>\n<input type=\"hidden\" name=\"_wpcf7_locale\" value=\"en_US\" \/>\n<input type=\"hidden\" name=\"_wpcf7_unit_tag\" value=\"wpcf7-f1292-o1\" \/>\n<input type=\"hidden\" name=\"_wpcf7_container_post\" value=\"0\" \/>\n<input type=\"hidden\" name=\"_wpcf7_posted_data_hash\" value=\"\" \/>\n<input type=\"hidden\" name=\"_wpcf7_recaptcha_response\" value=\"\" \/>\n<\/div>\n<p><span class=\"wpcf7-form-control-wrap\" data-name=\"text-671\"><input size=\"40\" maxlength=\"400\" class=\"wpcf7-form-control wpcf7-text wpcf7-validates-as-required\" aria-required=\"true\" aria-invalid=\"false\" placeholder=\"Your name\" value=\"\" type=\"text\" name=\"text-671\" \/><\/span><br \/>\n<span class=\"wpcf7-form-control-wrap\" data-name=\"email-606\"><input size=\"40\" maxlength=\"400\" class=\"wpcf7-form-control wpcf7-email wpcf7-validates-as-required wpcf7-text wpcf7-validates-as-email\" aria-required=\"true\" aria-invalid=\"false\" placeholder=\"Your email\" value=\"\" type=\"email\" name=\"email-606\" \/><\/span><br \/>\n<span class=\"wpcf7-form-control-wrap\" data-name=\"text-163\"><input size=\"40\" maxlength=\"400\" class=\"wpcf7-form-control wpcf7-text wpcf7-validates-as-required\" aria-required=\"true\" aria-invalid=\"false\" placeholder=\"Subject\" value=\"\" type=\"text\" name=\"text-163\" \/><\/span><br \/>\n<span class=\"wpcf7-form-control-wrap\" data-name=\"textarea-205\"><textarea cols=\"40\" rows=\"10\" maxlength=\"2000\" class=\"wpcf7-form-control wpcf7-textarea wpcf7-validates-as-required\" aria-required=\"true\" aria-invalid=\"false\" placeholder=\"Your message\" name=\"textarea-205\"><\/textarea><\/span><br \/>\n<input class=\"wpcf7-form-control wpcf7-submit has-spinner\" type=\"submit\" value=\"Make enquiry\" \/>\n<\/p><div class=\"wpcf7-response-output\" aria-hidden=\"true\"><\/div>\n<\/form>\n<\/div>\n<\/div><\/div><\/div><\/div><\/div><\/div><\/div><\/section>\n","protected":false},"excerpt":{"rendered":"Get in touchOur team of experts are ready to hear from you AddressEstonia Tartu mnt 50, 10115 Tallinn Lithuania A.Tum\u0117no g. 4-32, 4 auk\u0161tas (Vakar\u0173 \u012f\u0117jimas) LT-01109, Vilnius Business HoursMonday-Friday: 10am \u2013 4pm Saturday, Sunday: closed PhoneEstonia +372 7 707 707 Lithuania +370 5 21 627 35 EmailEstonia info@clarusab.ee Lithuania info@clarus.lt Let&#8217;s get startedWe\u2019re here...","protected":false},"author":1,"featured_media":0,"parent":0,"menu_order":0,"comment_status":"closed","ping_status":"closed","template":"","meta":{"inline_featured_image":false,"footnotes":""},"class_list":["post-28","page","type-page","status-publish","hentry"],"yoast_head":"<!-- This site is optimized with the Yoast SEO plugin v24.5 - https:\/\/yoast.com\/wordpress\/plugins\/seo\/ -->\n<title>Contacts - Minu koduleht<\/title>\n<meta name=\"robots\" content=\"index, follow, max-snippet:-1, max-image-preview:large, max-video-preview:-1\" \/>\n<link rel=\"canonical\" href=\"https:\/\/clarusab.ee\/en\/contact-us\/\" \/>\n<meta property=\"og:locale\" content=\"en_US\" \/>\n<meta property=\"og:type\" content=\"article\" \/>\n<meta property=\"og:title\" content=\"Contacts - Minu koduleht\" \/>\n<meta property=\"og:url\" content=\"https:\/\/clarusab.ee\/en\/contact-us\/\" \/>\n<meta property=\"og:site_name\" content=\"Minu koduleht\" \/>\n<meta property=\"article:modified_time\" content=\"2025-11-24T20:05:54+00:00\" \/>\n<meta name=\"twitter:card\" content=\"summary_large_image\" \/>\n<meta name=\"twitter:label1\" content=\"Est. reading time\" \/>\n\t<meta name=\"twitter:data1\" content=\"1 minute\" \/>\n<script type=\"application\/ld+json\" class=\"yoast-schema-graph\">{\"@context\":\"https:\/\/schema.org\",\"@graph\":[{\"@type\":\"WebPage\",\"@id\":\"https:\/\/clarusab.ee\/en\/contact-us\/\",\"url\":\"https:\/\/clarusab.ee\/en\/contact-us\/\",\"name\":\"Contacts - Minu koduleht\",\"isPartOf\":{\"@id\":\"https:\/\/clarusab.ee\/#website\"},\"datePublished\":\"2025-02-06T16:09:43+00:00\",\"dateModified\":\"2025-11-24T20:05:54+00:00\",\"breadcrumb\":{\"@id\":\"https:\/\/clarusab.ee\/en\/contact-us\/#breadcrumb\"},\"inLanguage\":\"en-US\",\"potentialAction\":[{\"@type\":\"ReadAction\",\"target\":[\"https:\/\/clarusab.ee\/en\/contact-us\/\"]}]},{\"@type\":\"BreadcrumbList\",\"@id\":\"https:\/\/clarusab.ee\/en\/contact-us\/#breadcrumb\",\"itemListElement\":[{\"@type\":\"ListItem\",\"position\":1,\"name\":\"Home\",\"item\":\"https:\/\/clarusab.ee\/en\/\"},{\"@type\":\"ListItem\",\"position\":2,\"name\":\"Contacts\"}]},{\"@type\":\"WebSite\",\"@id\":\"https:\/\/clarusab.ee\/#website\",\"url\":\"https:\/\/clarusab.ee\/\",\"name\":\"https:\/\/clarusab.ee\/\",\"description\":\"\",\"publisher\":{\"@id\":\"https:\/\/clarusab.ee\/#organization\"},\"potentialAction\":[{\"@type\":\"SearchAction\",\"target\":{\"@type\":\"EntryPoint\",\"urlTemplate\":\"https:\/\/clarusab.ee\/?s={search_term_string}\"},\"query-input\":{\"@type\":\"PropertyValueSpecification\",\"valueRequired\":true,\"valueName\":\"search_term_string\"}}],\"inLanguage\":\"en-US\"},{\"@type\":\"Organization\",\"@id\":\"https:\/\/clarusab.ee\/#organization\",\"name\":\"Advokaadib\u00fcroo CLARUS\",\"url\":\"https:\/\/clarusab.ee\/\",\"logo\":{\"@type\":\"ImageObject\",\"inLanguage\":\"en-US\",\"@id\":\"https:\/\/clarusab.ee\/#\/schema\/logo\/image\/\",\"url\":\"https:\/\/clarusab.ee\/wp-content\/uploads\/2025\/03\/clarus-ava-dark.png\",\"contentUrl\":\"https:\/\/clarusab.ee\/wp-content\/uploads\/2025\/03\/clarus-ava-dark.png\",\"width\":240,\"height\":240,\"caption\":\"Advokaadib\u00fcroo CLARUS\"},\"image\":{\"@id\":\"https:\/\/clarusab.ee\/#\/schema\/logo\/image\/\"}}]}<\/script>\n<!-- \/ Yoast SEO plugin. -->","yoast_head_json":{"title":"Contacts - Minu koduleht","robots":{"index":"index","follow":"follow","max-snippet":"max-snippet:-1","max-image-preview":"max-image-preview:large","max-video-preview":"max-video-preview:-1"},"canonical":"https:\/\/clarusab.ee\/en\/contact-us\/","og_locale":"en_US","og_type":"article","og_title":"Contacts - Minu koduleht","og_url":"https:\/\/clarusab.ee\/en\/contact-us\/","og_site_name":"Minu koduleht","article_modified_time":"2025-11-24T20:05:54+00:00","twitter_card":"summary_large_image","twitter_misc":{"Est. reading time":"1 minute"},"schema":{"@context":"https:\/\/schema.org","@graph":[{"@type":"WebPage","@id":"https:\/\/clarusab.ee\/en\/contact-us\/","url":"https:\/\/clarusab.ee\/en\/contact-us\/","name":"Contacts - Minu koduleht","isPartOf":{"@id":"https:\/\/clarusab.ee\/#website"},"datePublished":"2025-02-06T16:09:43+00:00","dateModified":"2025-11-24T20:05:54+00:00","breadcrumb":{"@id":"https:\/\/clarusab.ee\/en\/contact-us\/#breadcrumb"},"inLanguage":"en-US","potentialAction":[{"@type":"ReadAction","target":["https:\/\/clarusab.ee\/en\/contact-us\/"]}]},{"@type":"BreadcrumbList","@id":"https:\/\/clarusab.ee\/en\/contact-us\/#breadcrumb","itemListElement":[{"@type":"ListItem","position":1,"name":"Home","item":"https:\/\/clarusab.ee\/en\/"},{"@type":"ListItem","position":2,"name":"Contacts"}]},{"@type":"WebSite","@id":"https:\/\/clarusab.ee\/#website","url":"https:\/\/clarusab.ee\/","name":"https:\/\/clarusab.ee\/","description":"","publisher":{"@id":"https:\/\/clarusab.ee\/#organization"},"potentialAction":[{"@type":"SearchAction","target":{"@type":"EntryPoint","urlTemplate":"https:\/\/clarusab.ee\/?s={search_term_string}"},"query-input":{"@type":"PropertyValueSpecification","valueRequired":true,"valueName":"search_term_string"}}],"inLanguage":"en-US"},{"@type":"Organization","@id":"https:\/\/clarusab.ee\/#organization","name":"Advokaadib\u00fcroo CLARUS","url":"https:\/\/clarusab.ee\/","logo":{"@type":"ImageObject","inLanguage":"en-US","@id":"https:\/\/clarusab.ee\/#\/schema\/logo\/image\/","url":"https:\/\/clarusab.ee\/wp-content\/uploads\/2025\/03\/clarus-ava-dark.png","contentUrl":"https:\/\/clarusab.ee\/wp-content\/uploads\/2025\/03\/clarus-ava-dark.png","width":240,"height":240,"caption":"Advokaadib\u00fcroo CLARUS"},"image":{"@id":"https:\/\/clarusab.ee\/#\/schema\/logo\/image\/"}}]}},"_links":{"self":[{"href":"https:\/\/clarusab.ee\/en\/wp-json\/wp\/v2\/pages\/28","targetHints":{"allow":["GET"]}}],"collection":[{"href":"https:\/\/clarusab.ee\/en\/wp-json\/wp\/v2\/pages"}],"about":[{"href":"https:\/\/clarusab.ee\/en\/wp-json\/wp\/v2\/types\/page"}],"author":[{"embeddable":true,"href":"https:\/\/clarusab.ee\/en\/wp-json\/wp\/v2\/users\/1"}],"replies":[{"embeddable":true,"href":"https:\/\/clarusab.ee\/en\/wp-json\/wp\/v2\/comments?post=28"}],"version-history":[{"count":25,"href":"https:\/\/clarusab.ee\/en\/wp-json\/wp\/v2\/pages\/28\/revisions"}],"predecessor-version":[{"id":1575,"href":"https:\/\/clarusab.ee\/en\/wp-json\/wp\/v2\/pages\/28\/revisions\/1575"}],"wp:attachment":[{"href":"https:\/\/clarusab.ee\/en\/wp-json\/wp\/v2\/media?parent=28"}],"curies":[{"name":"wp","href":"https:\/\/api.w.org\/{rel}","templated":true}]}}